{"id":25113,"date":"2025-07-31T11:47:38","date_gmt":"2025-07-31T09:47:38","guid":{"rendered":"https:\/\/dev12.envisiondigital.it\/servizi\/"},"modified":"2026-03-13T14:32:11","modified_gmt":"2026-03-13T13:32:11","slug":"servizi","status":"publish","type":"page","link":"https:\/\/dev12.envisiondigital.it\/fr\/servizi\/","title":{"rendered":"Nos Services"},"content":{"rendered":"\t\t<div data-elementor-type=\"wp-page\" data-elementor-id=\"25113\" class=\"elementor elementor-25113 elementor-19098\">\n\t\t\t\t\t\t<section class=\"elementor-section elementor-top-section elementor-element elementor-element-5b81e21 elementor-section-height-min-height animated-slow elementor-section-boxed elementor-section-height-default elementor-section-items-middle elementor-invisible\" data-id=\"5b81e21\" data-element_type=\"section\" data-e-type=\"section\" data-settings=\"{&quot;background_background&quot;:&quot;classic&quot;,&quot;animation&quot;:&quot;fadeIn&quot;}\">\n\t\t\t\t\t\t\t<div class=\"elementor-background-overlay\"><\/div>\n\t\t\t\t\t\t\t<div class=\"elementor-container elementor-column-gap-default\">\n\t\t\t\t\t<div class=\"elementor-column elementor-col-100 elementor-top-column elementor-element elementor-element-ad367f8\" data-id=\"ad367f8\" data-element_type=\"column\" data-e-type=\"column\">\n\t\t\t<div class=\"elementor-widget-wrap elementor-element-populated\">\n\t\t\t\t\t\t<div class=\"elementor-element elementor-element-0e7939f elementor-widget elementor-widget-heading\" data-id=\"0e7939f\" data-element_type=\"widget\" data-e-type=\"widget\" data-widget_type=\"heading.default\">\n\t\t\t\t\t<h1 class=\"elementor-heading-title elementor-size-default\">Nos Services Pour La Vente De Biens Immobiliers Dans Le Salento\n<\/h1>\t\t\t\t<\/div>\n\t\t\t\t\t<\/div>\n\t\t<\/div>\n\t\t\t\t\t<\/div>\n\t\t<\/section>\n\t\t\t\t<section class=\"elementor-section elementor-top-section elementor-element elementor-element-09038dc elementor-section-boxed elementor-section-height-default elementor-section-height-default\" data-id=\"09038dc\" data-element_type=\"section\" data-e-type=\"section\" data-settings=\"{&quot;background_background&quot;:&quot;classic&quot;}\">\n\t\t\t\t\t\t<div class=\"elementor-container elementor-column-gap-default\">\n\t\t\t\t\t<div class=\"elementor-column elementor-col-100 elementor-top-column elementor-element elementor-element-c8278ac\" data-id=\"c8278ac\" data-element_type=\"column\" data-e-type=\"column\">\n\t\t\t<div class=\"elementor-widget-wrap elementor-element-populated\">\n\t\t\t\t\t\t<div class=\"elementor-element elementor-element-3271868 elementor-widget elementor-widget-spacer\" data-id=\"3271868\" data-element_type=\"widget\" data-e-type=\"widget\" data-widget_type=\"spacer.default\">\n\t\t\t\t\t\t\t<div class=\"elementor-spacer\">\n\t\t\t<div class=\"elementor-spacer-inner\"><\/div>\n\t\t<\/div>\n\t\t\t\t\t\t<\/div>\n\t\t\t\t<div class=\"elementor-element elementor-element-e7372b6 animated-slow elementor-invisible elementor-widget elementor-widget-houzez_elementor_section_title\" data-id=\"e7372b6\" data-element_type=\"widget\" data-e-type=\"widget\" data-settings=\"{&quot;_animation&quot;:&quot;fadeIn&quot;}\" data-widget_type=\"houzez_elementor_section_title.default\">\n\t\t\t\t<div class=\"elementor-widget-container\">\n\t\t\t\t\t            <div class=\"houzez_section_title_wrap section-title-module\">\n                                    <h2 class=\"houzez_section_title\">S\u00e9rieux Et Professionnalisme Au Service De Nos Clients Depuis 1996<\/h2>\n                \n                                    <p class=\"houzez_section_subtitle\">D\u2019Amico Immobiliare n\u2019est pas simplement une agence d\u2019interm\u00e9diation pour les transactions immobili\u00e8res. Nous intervenons dans ce cadre en offrant \u00e0 nos clients une gamme de services essentiels qui compl\u00e8tent chaque vente ou acquisition, en simplifiant l\u2019ensemble du processus.\n<\/p>\n                            <\/div>\n            \t\t\t\t<\/div>\n\t\t\t\t<\/div>\n\t\t\t\t<div class=\"elementor-element elementor-element-89a95a6 elementor-widget elementor-widget-spacer\" data-id=\"89a95a6\" data-element_type=\"widget\" data-e-type=\"widget\" data-widget_type=\"spacer.default\">\n\t\t\t\t\t\t\t<div class=\"elementor-spacer\">\n\t\t\t<div class=\"elementor-spacer-inner\"><\/div>\n\t\t<\/div>\n\t\t\t\t\t\t<\/div>\n\t\t\t\t\t<\/div>\n\t\t<\/div>\n\t\t\t\t\t<\/div>\n\t\t<\/section>\n\t\t<div class=\"elementor-element elementor-element-a0fc2c7 e-flex e-con-boxed elementor-invisible e-con e-child\" data-id=\"a0fc2c7\" data-element_type=\"container\" data-e-type=\"container\" data-settings=\"{&quot;animation&quot;:&quot;fadeInUp&quot;}\">\n\t\t\t\t\t<div class=\"e-con-inner\">\n\t\t<div class=\"elementor-element elementor-element-bce8eea e-con-full e-flex e-con e-child\" data-id=\"bce8eea\" data-element_type=\"container\" data-e-type=\"container\">\n\t\t\t\t<div class=\"elementor-element elementor-element-fadfc1c elementor-widget elementor-widget-heading\" data-id=\"fadfc1c\" data-element_type=\"widget\" data-e-type=\"widget\" data-widget_type=\"heading.default\">\n\t\t\t\t\t<h2 class=\"elementor-heading-title elementor-size-default\">Conseil Personnalis\u00e9<\/h2>\t\t\t\t<\/div>\n\t\t\t\t<div class=\"elementor-element elementor-element-e6302a7 elementor-widget elementor-widget-text-editor\" data-id=\"e6302a7\" data-element_type=\"widget\" data-e-type=\"widget\" data-widget_type=\"text-editor.default\">\n\t\t\t\t\t\t\t\t\t<p>Forte d\u2019une connaissance approfondie du territoire salentin et du cadre technique et r\u00e9glementaire, D\u2019Amico Immobiliare offre un <b>service exclusif de conseil personnalis\u00e9<\/b>, orient\u00e9 vers les besoins de chaque client sous tous les aspects.<br \/>Gr\u00e2ce \u00e0 une formation professionnelle continue et \u00e0 une collaboration \u00e9troite avec des experts italiens et internationaux du secteur \u2014 <b>architectes, ing\u00e9nieurs, g\u00e9om\u00e8tres, avocats, cabinets de conception, formateurs professionnels, urbanistes, conseillers financiers, directeurs scientifiques, \u00e9coles de management et d\u00e9veloppeurs<\/b> \u2014 notre soci\u00e9t\u00e9 se positionne \u00e0 l\u2019avant-garde du secteur.<\/p>\t\t\t\t\t\t\t\t<\/div>\n\t\t\t\t<\/div>\n\t\t<div class=\"elementor-element elementor-element-228eff3 e-con-full e-flex e-con e-child\" data-id=\"228eff3\" data-element_type=\"container\" data-e-type=\"container\">\n\t\t\t\t<\/div>\n\t\t\t\t\t<\/div>\n\t\t\t\t<\/div>\n\t\t<div class=\"elementor-element elementor-element-bb8945b e-flex e-con-boxed elementor-invisible e-con e-child\" data-id=\"bb8945b\" data-element_type=\"container\" data-e-type=\"container\" data-settings=\"{&quot;animation&quot;:&quot;fadeInUp&quot;}\">\n\t\t\t\t\t<div class=\"e-con-inner\">\n\t\t<div class=\"elementor-element elementor-element-00d5e27 e-con-full e-flex e-con e-child\" data-id=\"00d5e27\" data-element_type=\"container\" data-e-type=\"container\">\n\t\t\t\t<\/div>\n\t\t<div class=\"elementor-element elementor-element-ec73351 e-con-full e-flex e-con e-child\" data-id=\"ec73351\" data-element_type=\"container\" data-e-type=\"container\">\n\t\t\t\t<div class=\"elementor-element elementor-element-168adf0 elementor-widget elementor-widget-heading\" data-id=\"168adf0\" data-element_type=\"widget\" data-e-type=\"widget\" data-widget_type=\"heading.default\">\n\t\t\t\t\t<h2 class=\"elementor-heading-title elementor-size-default\">Marketing et March\u00e9 Mondial<\/h2>\t\t\t\t<\/div>\n\t\t\t\t<div class=\"elementor-element elementor-element-8c7bf46 elementor-widget elementor-widget-text-editor\" data-id=\"8c7bf46\" data-element_type=\"widget\" data-e-type=\"widget\" data-widget_type=\"text-editor.default\">\n\t\t\t\t\t\t\t\t\t<p>Gr\u00e2ce \u00e0 des <b>techniques de marketing innovantes<\/b>, des <b>syst\u00e8mes MLS<\/b> (Multiple Listing Services), le partage de donn\u00e9es XML avec des portails externes et de nombreuses collaborations italiennes et internationales, nous assurons un potentiel d\u2019affaires consid\u00e9rable pour notre agence, tout en renfor\u00e7ant l\u2019exposition de D\u2019Amico Immobiliare sur le <b>march\u00e9 mondial<\/b>.<br \/>Cette mentalit\u00e9 novatrice nous permet de collaborer en ligne pour le conseil et les transactions, en partageant tout ou partie de notre portefeuille immobilier, acc\u00e9l\u00e9rant ainsi les r\u00e9sultats <b>commerciaux<\/b>. C\u2019est un avantage concurrentiel d\u00e9cisif par rapport aux autres agences immobili\u00e8res, quelle que soit la conjoncture du march\u00e9.<\/p>\t\t\t\t\t\t\t\t<\/div>\n\t\t\t\t<\/div>\n\t\t\t\t\t<\/div>\n\t\t\t\t<\/div>\n\t\t<div class=\"elementor-element elementor-element-ce8711b back_white e-flex e-con-boxed elementor-invisible e-con e-child\" data-id=\"ce8711b\" data-element_type=\"container\" data-e-type=\"container\" data-settings=\"{&quot;animation&quot;:&quot;fadeInUp&quot;}\">\n\t\t\t\t\t<div class=\"e-con-inner\">\n\t\t<div class=\"elementor-element elementor-element-29b2217 e-con-full e-flex e-con e-child\" data-id=\"29b2217\" data-element_type=\"container\" data-e-type=\"container\">\n\t\t\t\t<div class=\"elementor-element elementor-element-cd8dd6c elementor-widget elementor-widget-heading\" data-id=\"cd8dd6c\" data-element_type=\"widget\" data-e-type=\"widget\" data-widget_type=\"heading.default\">\n\t\t\t\t\t<h2 class=\"elementor-heading-title elementor-size-default\">Exploitez Pleinement Le Potentiel De Vos Biens<\/h2>\t\t\t\t<\/div>\n\t\t\t\t<div class=\"elementor-element elementor-element-c9212ed elementor-widget elementor-widget-text-editor\" data-id=\"c9212ed\" data-element_type=\"widget\" data-e-type=\"widget\" data-widget_type=\"text-editor.default\">\n\t\t\t\t\t\t\t\t\t<p>Vous poss\u00e9dez des biens immobiliers et souhaitez en maximiser le potentiel et <b>la valeur<\/b>\u00a0? D\u2019Amico Immobiliare est le choix qui s\u2019impose.<br \/>Nous analysons votre bien \u2014 terrain ou habitation \u2014 au moyen d\u2019une \u00e9valuation technique, r\u00e9glementaire, urbanistique et \u00e9conomico-fiscale, combin\u00e9e \u00e0 une \u00e9tude de march\u00e9 approfondie, afin de d\u00e9terminer comment et o\u00f9 le positionner pour en tirer le meilleur parti.<br \/>Par l\u2019interm\u00e9diaire de notre r\u00e9seau de soci\u00e9t\u00e9s et de professionnels associ\u00e9s, nous proposons des <b>\u00e9tudes de faisabilit\u00e9 urbanistique et \u00e9conomique, des conceptions architecturales, des rendus 3D, des business plans et des plans financiers \u2014 incluant l\u2019acc\u00e8s \u00e0 des financements facilit\u00e9s et des aides italiennes et europ\u00e9ennes<\/b> \u2014 dans le secteur <b>r\u00e9sidentiel<\/b> et <b>touristique<\/b>.<br \/>Nous vous invitons \u00e0 nous contacter pour b\u00e9n\u00e9ficier d\u2019un conseil sp\u00e9cialis\u00e9 avant d\u2019investir dans l\u2019immobilier.<\/p>\t\t\t\t\t\t\t\t<\/div>\n\t\t\t\t<\/div>\n\t\t<div class=\"elementor-element elementor-element-4f24df3 e-con-full e-flex e-con e-child\" data-id=\"4f24df3\" data-element_type=\"container\" data-e-type=\"container\">\n\t\t\t\t<\/div>\n\t\t\t\t\t<\/div>\n\t\t\t\t<\/div>\n\t\t<div class=\"elementor-element elementor-element-5f45810 e-flex e-con-boxed elementor-invisible e-con e-child\" data-id=\"5f45810\" data-element_type=\"container\" data-e-type=\"container\" data-settings=\"{&quot;animation&quot;:&quot;fadeInUp&quot;}\">\n\t\t\t\t\t<div class=\"e-con-inner\">\n\t\t<div class=\"elementor-element elementor-element-b482865 e-con-full e-flex e-con e-child\" data-id=\"b482865\" data-element_type=\"container\" data-e-type=\"container\">\n\t\t\t\t<\/div>\n\t\t<div class=\"elementor-element elementor-element-affba00 e-con-full e-flex e-con e-child\" data-id=\"affba00\" data-element_type=\"container\" data-e-type=\"container\">\n\t\t\t\t<div class=\"elementor-element elementor-element-a548335 elementor-widget elementor-widget-heading\" data-id=\"a548335\" data-element_type=\"widget\" data-e-type=\"widget\" data-widget_type=\"heading.default\">\n\t\t\t\t\t<h2 class=\"elementor-heading-title elementor-size-default\">Pourquoi nous confier la vente de votre bien ?\n<\/h2>\t\t\t\t<\/div>\n\t\t\t\t<div class=\"elementor-element elementor-element-14f97db elementor-widget elementor-widget-text-editor\" data-id=\"14f97db\" data-element_type=\"widget\" data-e-type=\"widget\" data-widget_type=\"text-editor.default\">\n\t\t\t\t\t\t\t\t\t<ul><li aria-level=\"1\">Nous g\u00e9rons tous les aspects du processus de vente.<\/li><li aria-level=\"1\">Nous sommes conventionn\u00e9s et abonn\u00e9s aux meilleurs portails immobiliers italiens et internationaux, notamment Gate-Away.com, International Real Estate, Apulia Deluxe, Alto Salento, Raro Villas, Valtur, Nicolaus, La Casa Mia, Green Acres, Corsa Real Estate DUBAI, WLH World Luxury Home, JamesEdition.com, Tranio.com et Mer et Demeures, touchant plus de 100 pays dans le monde.<\/li><li aria-level=\"1\">Nous offrons un <b>accompagnement<\/b> <b>immobilier<\/b> complet (technique, urbanistique, administratif, fiscal et juridique) \u00e0 360\u00b0 tant pour le vendeur que pour l\u2019acqu\u00e9reur.<\/li><li aria-level=\"1\"><b>Vous n\u2019aurez aucune surprise<\/b>\u00a0: tous les <b>d\u00e9tails<\/b> et les <b>conditions<\/b> de la transaction sont d\u00e9finis et communiqu\u00e9s \u00e0 toutes les parties en amont.<\/li><li aria-level=\"1\"><b>Nous garantissons<\/b> chaque transaction par une <b>police d\u2019assurance responsabilit\u00e9 professionnelle<\/b>.<\/li><li aria-level=\"1\">Nous vous <b>\u00e9pargnons les pertes de temps<\/b> et les n\u00e9gociations fastidieuses, des visites de biens jusqu\u2019au traitement des d\u00e9marches administratives et techniques.<\/li><li aria-level=\"1\">Nous assurons la promotion de vos biens immobiliers gr\u00e2ce aux techniques de <b>marketing digital<\/b> les plus avanc\u00e9es.<\/li><\/ul>\t\t\t\t\t\t\t\t<\/div>\n\t\t\t\t<\/div>\n\t\t\t\t\t<\/div>\n\t\t\t\t<\/div>\n\t\t\t\t<\/div>\n\t\t","protected":false},"excerpt":{"rendered":"<p>Nos Services Pour La Vente De Biens Immobiliers Dans Le Salento S\u00e9rieux Et Professionnalisme Au Service De Nos Clients Depuis 1996 D\u2019Amico Immobiliare n\u2019est pas simplement une agence d\u2019interm\u00e9diation pour les transactions immobili\u00e8res. Nous intervenons dans ce cadre en offrant \u00e0 nos clients une gamme de services essentiels qui compl\u00e8tent chaque vente ou acquisition, en [&hellip;]<\/p>\n","protected":false},"author":3,"featured_media":0,"parent":0,"menu_order":0,"comment_status":"closed","ping_status":"closed","template":"template\/template-homepage.php","meta":{"footnotes":""},"class_list":["post-25113","page","type-page","status-publish","hentry"],"yoast_head":"<!-- This site is optimized with the Yoast SEO plugin v27.2 - https:\/\/yoast.com\/product\/yoast-seo-wordpress\/ -->\n<title>Nos Services - D&#039;Amico Immobiliare<\/title>\n<meta name=\"robots\" content=\"noindex, follow, max-snippet:-1, max-image-preview:large, max-video-preview:-1\" \/>\n<meta property=\"og:locale\" content=\"fr_FR\" \/>\n<meta property=\"og:type\" content=\"article\" \/>\n<meta property=\"og:title\" content=\"Nos Services - D&#039;Amico Immobiliare\" \/>\n<meta property=\"og:description\" content=\"Nos Services Pour La Vente De Biens Immobiliers Dans Le Salento S\u00e9rieux Et Professionnalisme Au Service De Nos Clients Depuis 1996 D\u2019Amico Immobiliare n\u2019est pas simplement une agence d\u2019interm\u00e9diation pour les transactions immobili\u00e8res. Nous intervenons dans ce cadre en offrant \u00e0 nos clients une gamme de services essentiels qui compl\u00e8tent chaque vente ou acquisition, en [&hellip;]\" \/>\n<meta property=\"og:url\" content=\"https:\/\/dev12.envisiondigital.it\/fr\/servizi\/\" \/>\n<meta property=\"og:site_name\" content=\"D&#039;Amico Immobiliare\" \/>\n<meta property=\"article:modified_time\" content=\"2026-03-13T13:32:11+00:00\" \/>\n<meta name=\"twitter:card\" content=\"summary_large_image\" \/>\n<meta name=\"twitter:label1\" content=\"Dur\u00e9e de lecture estim\u00e9e\" \/>\n\t<meta name=\"twitter:data1\" content=\"1 minute\" \/>\n<script type=\"application\/ld+json\" class=\"yoast-schema-graph\">{\"@context\":\"https:\/\/schema.org\",\"@graph\":[{\"@type\":\"WebPage\",\"@id\":\"https:\/\/dev12.envisiondigital.it\/fr\/servizi\/\",\"url\":\"https:\/\/dev12.envisiondigital.it\/fr\/servizi\/\",\"name\":\"Nos Services - D&#039;Amico Immobiliare\",\"isPartOf\":{\"@id\":\"https:\/\/dev12.envisiondigital.it\/#website\"},\"datePublished\":\"2025-07-31T09:47:38+00:00\",\"dateModified\":\"2026-03-13T13:32:11+00:00\",\"breadcrumb\":{\"@id\":\"https:\/\/dev12.envisiondigital.it\/fr\/servizi\/#breadcrumb\"},\"inLanguage\":\"fr-FR\",\"potentialAction\":[{\"@type\":\"ReadAction\",\"target\":[\"https:\/\/dev12.envisiondigital.it\/fr\/servizi\/\"]}]},{\"@type\":\"BreadcrumbList\",\"@id\":\"https:\/\/dev12.envisiondigital.it\/fr\/servizi\/#breadcrumb\",\"itemListElement\":[{\"@type\":\"ListItem\",\"position\":1,\"name\":\"Home\",\"item\":\"https:\/\/dev12.envisiondigital.it\/fr\/\"},{\"@type\":\"ListItem\",\"position\":2,\"name\":\"Nos Services\"}]},{\"@type\":\"WebSite\",\"@id\":\"https:\/\/dev12.envisiondigital.it\/#website\",\"url\":\"https:\/\/dev12.envisiondigital.it\/\",\"name\":\"D&#039;Amico Immobiliare\",\"description\":\"\",\"publisher\":{\"@id\":\"https:\/\/dev12.envisiondigital.it\/#organization\"},\"potentialAction\":[{\"@type\":\"SearchAction\",\"target\":{\"@type\":\"EntryPoint\",\"urlTemplate\":\"https:\/\/dev12.envisiondigital.it\/?s={search_term_string}\"},\"query-input\":{\"@type\":\"PropertyValueSpecification\",\"valueRequired\":true,\"valueName\":\"search_term_string\"}}],\"inLanguage\":\"fr-FR\"},{\"@type\":\"Organization\",\"@id\":\"https:\/\/dev12.envisiondigital.it\/#organization\",\"name\":\"D&#039;Amico Immobiliare\",\"url\":\"https:\/\/dev12.envisiondigital.it\/\",\"logo\":{\"@type\":\"ImageObject\",\"inLanguage\":\"fr-FR\",\"@id\":\"https:\/\/dev12.envisiondigital.it\/#\/schema\/logo\/image\/\",\"url\":\"https:\/\/dev12.envisiondigital.it\/wp-content\/uploads\/2025\/07\/logo-damicoimmobiliare.jpg\",\"contentUrl\":\"https:\/\/dev12.envisiondigital.it\/wp-content\/uploads\/2025\/07\/logo-damicoimmobiliare.jpg\",\"width\":550,\"height\":180,\"caption\":\"D&#039;Amico Immobiliare\"},\"image\":{\"@id\":\"https:\/\/dev12.envisiondigital.it\/#\/schema\/logo\/image\/\"}}]}<\/script>\n<!-- \/ Yoast SEO plugin. -->","yoast_head_json":{"title":"Nos Services - D&#039;Amico Immobiliare","robots":{"index":"noindex","follow":"follow","max-snippet":"max-snippet:-1","max-image-preview":"max-image-preview:large","max-video-preview":"max-video-preview:-1"},"og_locale":"fr_FR","og_type":"article","og_title":"Nos Services - D&#039;Amico Immobiliare","og_description":"Nos Services Pour La Vente De Biens Immobiliers Dans Le Salento S\u00e9rieux Et Professionnalisme Au Service De Nos Clients Depuis 1996 D\u2019Amico Immobiliare n\u2019est pas simplement une agence d\u2019interm\u00e9diation pour les transactions immobili\u00e8res. Nous intervenons dans ce cadre en offrant \u00e0 nos clients une gamme de services essentiels qui compl\u00e8tent chaque vente ou acquisition, en [&hellip;]","og_url":"https:\/\/dev12.envisiondigital.it\/fr\/servizi\/","og_site_name":"D&#039;Amico Immobiliare","article_modified_time":"2026-03-13T13:32:11+00:00","twitter_card":"summary_large_image","twitter_misc":{"Dur\u00e9e de lecture estim\u00e9e":"1 minute"},"schema":{"@context":"https:\/\/schema.org","@graph":[{"@type":"WebPage","@id":"https:\/\/dev12.envisiondigital.it\/fr\/servizi\/","url":"https:\/\/dev12.envisiondigital.it\/fr\/servizi\/","name":"Nos Services - D&#039;Amico Immobiliare","isPartOf":{"@id":"https:\/\/dev12.envisiondigital.it\/#website"},"datePublished":"2025-07-31T09:47:38+00:00","dateModified":"2026-03-13T13:32:11+00:00","breadcrumb":{"@id":"https:\/\/dev12.envisiondigital.it\/fr\/servizi\/#breadcrumb"},"inLanguage":"fr-FR","potentialAction":[{"@type":"ReadAction","target":["https:\/\/dev12.envisiondigital.it\/fr\/servizi\/"]}]},{"@type":"BreadcrumbList","@id":"https:\/\/dev12.envisiondigital.it\/fr\/servizi\/#breadcrumb","itemListElement":[{"@type":"ListItem","position":1,"name":"Home","item":"https:\/\/dev12.envisiondigital.it\/fr\/"},{"@type":"ListItem","position":2,"name":"Nos Services"}]},{"@type":"WebSite","@id":"https:\/\/dev12.envisiondigital.it\/#website","url":"https:\/\/dev12.envisiondigital.it\/","name":"D&#039;Amico Immobiliare","description":"","publisher":{"@id":"https:\/\/dev12.envisiondigital.it\/#organization"},"potentialAction":[{"@type":"SearchAction","target":{"@type":"EntryPoint","urlTemplate":"https:\/\/dev12.envisiondigital.it\/?s={search_term_string}"},"query-input":{"@type":"PropertyValueSpecification","valueRequired":true,"valueName":"search_term_string"}}],"inLanguage":"fr-FR"},{"@type":"Organization","@id":"https:\/\/dev12.envisiondigital.it\/#organization","name":"D&#039;Amico Immobiliare","url":"https:\/\/dev12.envisiondigital.it\/","logo":{"@type":"ImageObject","inLanguage":"fr-FR","@id":"https:\/\/dev12.envisiondigital.it\/#\/schema\/logo\/image\/","url":"https:\/\/dev12.envisiondigital.it\/wp-content\/uploads\/2025\/07\/logo-damicoimmobiliare.jpg","contentUrl":"https:\/\/dev12.envisiondigital.it\/wp-content\/uploads\/2025\/07\/logo-damicoimmobiliare.jpg","width":550,"height":180,"caption":"D&#039;Amico Immobiliare"},"image":{"@id":"https:\/\/dev12.envisiondigital.it\/#\/schema\/logo\/image\/"}}]}},"_links":{"self":[{"href":"https:\/\/dev12.envisiondigital.it\/fr\/wp-json\/wp\/v2\/pages\/25113","targetHints":{"allow":["GET"]}}],"collection":[{"href":"https:\/\/dev12.envisiondigital.it\/fr\/wp-json\/wp\/v2\/pages"}],"about":[{"href":"https:\/\/dev12.envisiondigital.it\/fr\/wp-json\/wp\/v2\/types\/page"}],"author":[{"embeddable":true,"href":"https:\/\/dev12.envisiondigital.it\/fr\/wp-json\/wp\/v2\/users\/3"}],"replies":[{"embeddable":true,"href":"https:\/\/dev12.envisiondigital.it\/fr\/wp-json\/wp\/v2\/comments?post=25113"}],"version-history":[{"count":4,"href":"https:\/\/dev12.envisiondigital.it\/fr\/wp-json\/wp\/v2\/pages\/25113\/revisions"}],"predecessor-version":[{"id":25134,"href":"https:\/\/dev12.envisiondigital.it\/fr\/wp-json\/wp\/v2\/pages\/25113\/revisions\/25134"}],"wp:attachment":[{"href":"https:\/\/dev12.envisiondigital.it\/fr\/wp-json\/wp\/v2\/media?parent=25113"}],"curies":[{"name":"wp","href":"https:\/\/api.w.org\/{rel}","templated":true}]}}